{"id":6834,"date":"2020-10-15T13:49:43","date_gmt":"2020-10-15T11:49:43","guid":{"rendered":"https:\/\/rcn-ong.be\/?page_id=6834"},"modified":"2025-10-31T13:10:43","modified_gmt":"2025-10-31T11:10:43","slug":"transparence","status":"publish","type":"page","link":"https:\/\/rcn-ong.be\/nl\/transparence\/","title":{"rendered":"Transparence"},"content":{"rendered":"<p><span style=\"color: #808080;\"><em>Derni\u00e8re mise \u00e0 jour Avril 2025<\/em><\/span><\/p>\n\n\n<p>Pour RCN J&amp;D, la transparence est un pilier fondamental qui sous-tend nos pratiques de gouvernance, notre gestion financi\u00e8re et notre responsabilit\u00e9 envers les b\u00e9n\u00e9ficiaires, les bailleurs de fonds, les partenaires et le public<strong>. La transparence au sein de notre organisation vise \u00e0 garantir l&#8217;accessibilit\u00e9, l\u2019actualit\u00e9 et la fiabilit\u00e9 des informations pertinentes, pour nos diff\u00e9rentes parties prenantes<\/strong>. En garantissant une transparence ainsi cibl\u00e9e, nous renfor\u00e7ons la l\u00e9gitimit\u00e9, et l&#8217;efficacit\u00e9 de notre mission envers nos diverses parties prenantes, et partant, la confiance de celles-ci. La strat\u00e9gie de transparence de RCN J&amp;D sp\u00e9cifie les publics cibles et les modalit\u00e9s de mise en \u0153uvre. <\/p>\n\n\n\n<div class=\"wp-block-file\"><a href=\"https:\/\/rcn-ong.be\/wp-content\/uploads\/2025\/03\/202412-Strategie-transparence-RCN-JD.pdf\" target=\"_blank\" rel=\"noreferrer noopener\"><strong>Consultez notre strat\u00e9gie de transparence ici.<\/strong><\/a><\/div>\n\n\n\n<h3 class=\"wp-block-heading\">IATI &#8211; Initiative internationale pour la transparence de l\u2019aide<\/h3>\n\n\n\n<p>L\u2019IATI (IITA) est une initiative mondiale visant \u00e0 am\u00e9liorer la transparence des ressources allou\u00e9es au d\u00e9veloppement et \u00e0 l\u2019action humanitaire et de leurs r\u00e9sultats en mati\u00e8re de lutte contre les crises et la pauvret\u00e9.<\/p>\n\n\n\n<p>L\u2019utilisation de donn\u00e9es transparentes et de qualit\u00e9 contribue aux efforts en faveur du d\u00e9veloppement durable. Ces donn\u00e9es portent entre autres sur l\u2019aspect financier, la localisation, le secteur concern\u00e9 et les r\u00e9sultats.<\/p>\n\n\n\n<p><a rel=\"noreferrer noopener\" href=\"https:\/\/aidstream.org\/who-is-using\/BE-BCE_KBO-0454555163\" data-type=\"URL\" data-id=\"https:\/\/aidstream.org\/who-is-using\/BE-BCE_KBO-0454555163\" target=\"_blank\">Consultez les donn\u00e9es IATI<\/a><a href=\"https:\/\/aidstream.org\/who-is-using\/BE-BCE_KBO-0454555163\" data-type=\"URL\" data-id=\"https:\/\/aidstream.org\/who-is-using\/BE-BCE_KBO-0454555163\" target=\"_blank\" rel=\"noreferrer noopener\"> <\/a><a rel=\"noreferrer noopener\" href=\"https:\/\/aidstream.org\/who-is-using\/BE-BCE_KBO-0454555163\" data-type=\"URL\" data-id=\"https:\/\/aidstream.org\/who-is-using\/BE-BCE_KBO-0454555163\" target=\"_blank\">de RCN J&amp;D<\/a><\/p>\n\n\n\n<h3 class=\"wp-block-heading\">Suivi &amp; Evaluation<\/h3>\n\n\n\n<p>Notre organisation r\u00e9alise des \u00e9valuations externes pour tous ses programmes d\u00e9ploy\u00e9s en Belgique et en Afrique, en concertation avec nos partenaires de mise en \u0153uvre. Les \u00e9valuations sont r\u00e9alis\u00e9es selon les crit\u00e8res d&#8217;\u00e9valuation du Comit\u00e9 de coop\u00e9ration au d\u00e9veloppement de l&#8217;Organisation de coop\u00e9ration et de d\u00e9veloppement \u00e9conomiques (<a rel=\"noreferrer noopener\" href=\"https:\/\/www.oecd.org\/fr\/cad\/evaluation\/criteres-cad-evaluation.htm\" target=\"_blank\">CAD OCDE<\/a>):<\/p>\n\n\n\n<ol class=\"wp-block-list\">\n<li>Pertinence\u00a0: l\u2019intervention correspond-elle aux besoins du contexte\u00a0?<\/li>\n\n\n\n<li>Coh\u00e9rence\u00a0: l&#8217;intervention est-elle compatible avec les autres interventions du secteur\u00a0?<\/li>\n\n\n\n<li>Efficacit\u00e9 : l\u2019intervention atteint-elle ses objectifs ?<\/li>\n\n\n\n<li>Efficience : les ressources sont-elles utilis\u00e9es de la mani\u00e8re la plus utile ?<\/li>\n\n\n\n<li>Impact : l\u2019intervention permet-elle des changements r\u00e9els pour nos b\u00e9n\u00e9ficiaires ?<\/li>\n\n\n\n<li>Durabilit\u00e9 : ces changements vont-ils durer dans le temps, notamment apr\u00e8s la fin de notre intervention ?<\/li>\n<\/ol>\n\n\n\n<blockquote class=\"wp-block-quote is-layout-flow wp-block-quote-is-layout-flow\">\n<p>Le Service d&#8217;Evaluation sp\u00e9cial charg\u00e9 de certifier le syst\u00e8me de suivi-\u00e9valuation des acteurs de la coop\u00e9ration belge au d\u00e9veloppement a confirm\u00e9 \u00e0 RCN J&amp;D la certification des capacit\u00e9s en \u00e9valuation pour la dur\u00e9e du cycle de programmation 2022-2026.<\/p>\n<\/blockquote>\n\n\n\n<p>Nos rapports d&#8217;\u00e9valuation externe des derni\u00e8res ann\u00e9es sont disponibles via les liens ci-dessous. <\/p>\n\n\n\n<ul class=\"wp-block-list\">\n<li><a href=\"https:\/\/rcn-ong.be\/wp-content\/uploads\/2025\/10\/Resumeexecutifsiteweb_VOUT.pdf\">R\u00e9sum\u00e9 ex\u00e9cutif <\/a>&#8211; Evaluation mi-parcours crois\u00e9e entre pairs &#8211; Programme quinquennal 2022-2026<\/li>\n\n\n\n<li>Rapport d&#8217;\u00e9valuation finale du Programme quinquennal 2017-2021 financ\u00e9 par la Coop\u00e9ration belge | <a href=\"https:\/\/rcn-ong.be\/wp-content\/uploads\/2024\/03\/Inanga_Eval-finale-RCN-JD-20217-2021-SYNTHESE-volet-Sud.pdf\" target=\"_blank\" rel=\"noreferrer noopener\">Volet Sud ici<\/a> et <a href=\"https:\/\/rcn-ong.be\/wp-content\/uploads\/2024\/03\/Inanga_Eval-finale-RCN-JD-20217-2021-SYNTHESE-volet-Nord.pdf\" target=\"_blank\" rel=\"noreferrer noopener\">Volet Nord<\/a> <a href=\"https:\/\/rcn-ong.be\/wp-content\/uploads\/2024\/03\/Inanga_Eval-finale-RCN-JD-20217-2021-SYNTHESE-volet-Nord.pdf\" target=\"_blank\" rel=\"noreferrer noopener\">ici.<\/a><\/li>\n\n\n\n<li><a href=\"https:\/\/rcn-ong.be\/wp-content\/uploads\/2024\/04\/Synthese-evaluation-mi-parcours.pdf\" target=\"_blank\" rel=\"noreferrer noopener\">Rapport d&#8217;\u00e9valuation interm\u00e9diaire du Programme d&#8217;Appui \u00e0 la Justice &#8211; phase 2<\/a> (2021-2024) <\/li>\n\n\n\n<li><a href=\"https:\/\/rcn-ong.be\/wp-content\/uploads\/2025\/05\/Report-ITUZE-IWACU-Executive-summary.pdf\" target=\"_blank\" rel=\"noreferrer noopener\">Rapport d&#8217;\u00e9valuation finale du Projet Ituze Iwacu au Rwanda (2019-2022)<\/a><\/li>\n\n\n\n<li><a href=\"https:\/\/rcn-ong.be\/wp-content\/uploads\/2025\/05\/Restore-II-Executive.pdf\" target=\"_blank\" rel=\"noreferrer noopener\">Rapport d&#8217;\u00e9valuation finale du Projet RESTOREII &#8211; R\u00e9sistons \u00e0 la Torture RDC (2021-2024)<\/a><\/li>\n<\/ul>\n\n\n\n<h3 class=\"wp-block-heading\">R\u00e9colte de fonds<\/h3>\n\n\n\n<p>RCN Justice &amp; D\u00e9mocratie est membre du label R\u00e9colte de Fonds \u00c9thique qui atteste de notre engagement pour une r\u00e9colte de fonds \u00e9thique, transparente et durable. Notre adh\u00e9sion au label refl\u00e8te notre volont\u00e9 de d\u00e9fendre les droits des donateur\u00b7ices, notamment leur droit \u00e0 une information claire et transparente sur l\u2019utilisation de leurs dons, et \u00e0 renforcer la confiance du public dans le secteur non marchand.&nbsp;<\/p>\n\n\n\n<p><a href=\"https:\/\/rcn-ong.be\/rcn-justice-democratie-est-membre-de-recolte-de-fonds-ethique\/\" target=\"_blank\" rel=\"noreferrer noopener\">Pour plus de d\u00e9tails, retrouvez notre page sur les dons.&nbsp;<\/a><\/p>\n\n\n\n<p><a href=\"https:\/\/rcn-ong.be\/wp-content\/uploads\/2025\/04\/tableausyntheseblanco2024rcn.pdf\" target=\"_blank\" rel=\"noreferrer noopener\">Consultez ici notre dernier tableau de synth\u00e8se sur les chiffres cl\u00e9s depuis 2021.&nbsp;<\/a><\/p>\n","protected":false},"excerpt":{"rendered":"<p><span style=\"color: #808080;\"><em>Derni\u00e8re mise \u00e0 jour Avril 2025<\/em><\/span><\/p>\n<p>Pour RCN J&amp;D, la transparence est un pilier fondamental qui sous-tend nos pratiques de gouvernance, notre gestion financi\u00e8re et notre responsabilit\u00e9 envers les b\u00e9n\u00e9ficiaires, les bailleurs de fonds,<\/p>\n<p><span class=\"ellipsis\">&hellip;<\/span><\/p>\n<div class=\"read-more\"><a href=\"https:\/\/rcn-ong.be\/nl\/transparence\/\">Lees meer &#8250;<\/a><\/div>\n<p><!-- end of .read-more --><\/p>\n","protected":false},"author":3,"featured_media":0,"parent":0,"menu_order":0,"comment_status":"closed","ping_status":"closed","template":"","meta":{"footnotes":""},"class_list":["post-6834","page","type-page","status-publish","hentry"],"_links":{"self":[{"href":"https:\/\/rcn-ong.be\/nl\/wp-json\/wp\/v2\/pages\/6834","targetHints":{"allow":["GET"]}}],"collection":[{"href":"https:\/\/rcn-ong.be\/nl\/wp-json\/wp\/v2\/pages"}],"about":[{"href":"https:\/\/rcn-ong.be\/nl\/wp-json\/wp\/v2\/types\/page"}],"author":[{"embeddable":true,"href":"https:\/\/rcn-ong.be\/nl\/wp-json\/wp\/v2\/users\/3"}],"replies":[{"embeddable":true,"href":"https:\/\/rcn-ong.be\/nl\/wp-json\/wp\/v2\/comments?post=6834"}],"version-history":[{"count":27,"href":"https:\/\/rcn-ong.be\/nl\/wp-json\/wp\/v2\/pages\/6834\/revisions"}],"predecessor-version":[{"id":12169,"href":"https:\/\/rcn-ong.be\/nl\/wp-json\/wp\/v2\/pages\/6834\/revisions\/12169"}],"wp:attachment":[{"href":"https:\/\/rcn-ong.be\/nl\/wp-json\/wp\/v2\/media?parent=6834"}],"curies":[{"name":"wp","href":"https:\/\/api.w.org\/{rel}","templated":true}]}}