{"id":7464,"date":"2021-08-26T11:45:07","date_gmt":"2021-08-26T09:45:07","guid":{"rendered":"https:\/\/rcn-ong.be\/?page_id=7464"},"modified":"2025-04-24T13:11:04","modified_gmt":"2025-04-24T11:11:04","slug":"burkina-faso","status":"publish","type":"page","link":"https:\/\/rcn-ong.be\/nl\/burkina-faso\/","title":{"rendered":"Burkina Faso"},"content":{"rendered":"<p><span style=\"color: #808080;\"><em>Publi\u00e9 le 26\/08\/2021, derni\u00e8re mise \u00e0 jour D\u00e9cembre 2024<\/em><\/span><\/p>\n\n\n<ul class=\"wp-block-list\"><li><strong>2022-2024 \u00ab Justice de proximit\u00e9, Justice plurielle : concilier et juger pour une paix durable<\/strong> \u00bb<\/li><\/ul>\n\n\n\n<p>Ce programme financ\u00e9 par la Coop\u00e9ration belge au D\u00e9veloppement (DGD) vise \u00e0 contribuer \u00e0 la pr\u00e9vention des conflits par la promotion et le renforcement d\u2019une justice de proximit\u00e9 accessible et \u00e9galitaire, aux populations les plus vuln\u00e9rables. Il est mis en \u0153uvre en partenariat avec le Centre International d\u2019\u00c9tudes Sociologiques et de Droit Appliqu\u00e9 (CINESDA).<\/p>\n\n\n\n<p>Le projet touche \u00e0 tous les secteurs de la justice, allant des modes alternatifs dont l\u2019efficacit\u00e9 n\u2019est plus \u00e0 d\u00e9montrer, aux modes \u00e9tatiques assur\u00e9s par les tribunaux. L\u2019action se propose d\u2019intervenir sur deux niveaux de conflictualit\u00e9 et sur deux niveaux de temporalit\u00e9 :<\/p>\n\n\n\n<ul class=\"wp-block-list\"><li>La justice institutionnelle et \u00e9tatique avec un objectif \u00e0 court terme qui est de d\u00e9sengorger les tribunaux en appuyant l\u2019apurement de l\u2019arri\u00e9r\u00e9 judiciaire ;<\/li><\/ul>\n\n\n\n<ul class=\"wp-block-list\"><li>La justice informelle par un renforcement et la promotion des m\u00e9canismes alternatifs de r\u00e8glement des conflits avec une approche \u00e0 moyen terme.<\/li><\/ul>\n\n\n\n<p>Par ces deux axes d\u2019intervention, il s\u2019agit de promouvoir la pr\u00e9vention des conflits et la consolidation de la paix en appuyant d\u2019une part la mission r\u00e9galienne de l\u2019\u00c9tat en mobilisant un appui rapide \u00e0 son secteur de la justice et en renfor\u00e7ant le r\u00f4le des m\u00e9canismes alternatifs de r\u00e8glement des conflits d\u2019autre part.  L&#8217;articulation entre les m\u00e9canismes formels et informels de la justice est renforc\u00e9e de mani\u00e8re \u00e0 ce que leur reconnaissance mutuelle am\u00e9liore l\u2019acc\u00e8s \u00e0 la justice de proximit\u00e9 pour r\u00e9gler les conflits.<\/p>\n\n\n\n<ul class=\"wp-block-list\"><li><strong>2020-2022 \u00ab Renforcement des moyens d\u2019accessibilit\u00e9 \u00e0 la Justice et de promotion de la coh\u00e9sion sociale et de la paix<\/strong> \u00bb<\/li><\/ul>\n\n\n\n<p>Le projet porte essentiellement sur l\u2019accessibilit\u00e9 \u00e0 la justice, l\u2019apurement des arri\u00e9r\u00e9s judiciaires, la pr\u00e9vention et le r\u00e8glement alternatif des conflits au Burkina Faso, il portera sur une commune pilote et une juridiction parmi les plus anciennes et ayant un fort taux d\u2019arri\u00e9r\u00e9 judiciaire. Il touchera tous les secteurs de la justice en allant des modes alternatifs dont l\u2019efficacit\u00e9 n\u2019est plus \u00e0 d\u00e9montrer, aux modes \u00e9tatiques assur\u00e9s par les tribunaux.<\/p>\n\n\n\n<p><br>Il vient apporter des appuis d\u2019urgence aux juridictions pour r\u00e9tablir une certaine confiance entre elles et les populations et renforcer le r\u00f4le et la qualit\u00e9 de la justice rendue par les modes alternatifs.<\/p>\n\n\n\n<p><br>L\u2019intervention se propose ainsi de promouvoir une justice de proximit\u00e9 en renfor\u00e7ant la capacit\u00e9 des acteurs des Modes (ou M\u00e9canismes) Alternatifs de R\u00e9solution des Conflits afin d\u2019am\u00e9liorer l\u2019accessibilit\u00e9 de la justice dans le temps, l\u2019entendement et l\u2019espace notamment pour les plus vuln\u00e9rables (notamment dans le domaine foncier).<\/p>\n\n\n\n<p><br>Enfin, l\u2019action fournira un appui d\u2019urgence aux juridictions p\u00e9nales afin de renforcer leurs capacit\u00e9s \u00e0 r\u00e9duire l\u2019arri\u00e9r\u00e9 judiciaire en am\u00e9liorant le respect des droits humains notamment en ce qui concerne les d\u00e9lais de garde \u00e0 vue (d\u00e9tention provisoire et de jugement).<\/p>\n\n\n\n<p><br>Le projet circonscrit \u00e0 une r\u00e9gion et un Tribunal de grande instance et sa Cour d\u2019appel pr\u00e9tend \u00e0 une exemplarit\u00e9 en vue de son extension ult\u00e9rieure dans les autres r\u00e9gions s\u00e9curis\u00e9es du Burkina Faso.<\/p>\n\n\n\n<p><\/p>\n\n\n\n<figure class=\"wp-block-image size-large\"><a href=\"https:\/\/youtu.be\/ROxxEe18qyo?t=1153\"><img loading=\"lazy\" decoding=\"async\" width=\"949\" height=\"535\" src=\"https:\/\/rcn-ong.be\/wp-content\/uploads\/2021\/08\/Video-Burkina-Faso.png\" alt=\"\" class=\"wp-image-7465\" srcset=\"https:\/\/rcn-ong.be\/wp-content\/uploads\/2021\/08\/Video-Burkina-Faso.png 949w, https:\/\/rcn-ong.be\/wp-content\/uploads\/2021\/08\/Video-Burkina-Faso-300x169.png 300w, https:\/\/rcn-ong.be\/wp-content\/uploads\/2021\/08\/Video-Burkina-Faso-768x433.png 768w, https:\/\/rcn-ong.be\/wp-content\/uploads\/2021\/08\/Video-Burkina-Faso-100x56.png 100w, https:\/\/rcn-ong.be\/wp-content\/uploads\/2021\/08\/Video-Burkina-Faso-150x85.png 150w, https:\/\/rcn-ong.be\/wp-content\/uploads\/2021\/08\/Video-Burkina-Faso-200x113.png 200w, https:\/\/rcn-ong.be\/wp-content\/uploads\/2021\/08\/Video-Burkina-Faso-450x254.png 450w, https:\/\/rcn-ong.be\/wp-content\/uploads\/2021\/08\/Video-Burkina-Faso-600x338.png 600w, https:\/\/rcn-ong.be\/wp-content\/uploads\/2021\/08\/Video-Burkina-Faso-900x507.png 900w\" sizes=\"auto, (max-width: 949px) 100vw, 949px\" \/><\/a><\/figure>\n\n\n\n<p><\/p>\n","protected":false},"excerpt":{"rendered":"<p><span style=\"color: #808080;\"><em>Publi\u00e9 le 26\/08\/2021, derni\u00e8re mise \u00e0 jour D\u00e9cembre 2024<\/em><\/span><\/p>\n<ul class=\"wp-block-list\">\n<li><strong>2022-2024 \u00ab Justice de proximit\u00e9, Justice plurielle : concilier et juger pour une paix durable<\/strong> \u00bb<\/li>\n<\/ul>\n<p>Ce programme financ\u00e9 par la Coop\u00e9ration belge au D\u00e9veloppement (DGD) vise \u00e0 contribuer \u00e0 la pr\u00e9vention des conflits par la promotion et le renforcement d\u2019une justice de proximit\u00e9 accessible et \u00e9galitaire,<\/p>\n<p><span class=\"ellipsis\">&hellip;<\/span><\/p>\n<div class=\"read-more\"><a href=\"https:\/\/rcn-ong.be\/nl\/burkina-faso\/\">Lees meer &#8250;<\/a><\/div>\n<p><!-- end of .read-more --><\/p>\n","protected":false},"author":3,"featured_media":0,"parent":0,"menu_order":0,"comment_status":"closed","ping_status":"closed","template":"","meta":{"footnotes":""},"class_list":["post-7464","page","type-page","status-publish","hentry"],"_links":{"self":[{"href":"https:\/\/rcn-ong.be\/nl\/wp-json\/wp\/v2\/pages\/7464","targetHints":{"allow":["GET"]}}],"collection":[{"href":"https:\/\/rcn-ong.be\/nl\/wp-json\/wp\/v2\/pages"}],"about":[{"href":"https:\/\/rcn-ong.be\/nl\/wp-json\/wp\/v2\/types\/page"}],"author":[{"embeddable":true,"href":"https:\/\/rcn-ong.be\/nl\/wp-json\/wp\/v2\/users\/3"}],"replies":[{"embeddable":true,"href":"https:\/\/rcn-ong.be\/nl\/wp-json\/wp\/v2\/comments?post=7464"}],"version-history":[{"count":17,"href":"https:\/\/rcn-ong.be\/nl\/wp-json\/wp\/v2\/pages\/7464\/revisions"}],"predecessor-version":[{"id":11770,"href":"https:\/\/rcn-ong.be\/nl\/wp-json\/wp\/v2\/pages\/7464\/revisions\/11770"}],"wp:attachment":[{"href":"https:\/\/rcn-ong.be\/nl\/wp-json\/wp\/v2\/media?parent=7464"}],"curies":[{"name":"wp","href":"https:\/\/api.w.org\/{rel}","templated":true}]}}