{"id":8210,"date":"2022-09-19T14:03:05","date_gmt":"2022-09-19T12:03:05","guid":{"rendered":"https:\/\/rcn-ong.be\/?page_id=8210"},"modified":"2025-04-17T16:01:32","modified_gmt":"2025-04-17T14:01:32","slug":"justice-coutumiere","status":"publish","type":"page","link":"https:\/\/rcn-ong.be\/nl\/justice-coutumiere\/","title":{"rendered":"Justice coutmi\u00e8re et modes alternatifs de r\u00e9solution de conflits"},"content":{"rendered":"<p><span style=\"color: #808080;\"><em>Derni\u00e8re mise \u00e0 jour Avril 2025<\/em><\/span><\/p>\n\n\n<p>Pour RCN Justice &amp; D\u00e9mocratie, il est plus que jamais n\u00e9cessaire d\u2019adopter une posture d\u00e9coloniale afin de remettre en question les rapports de domination \u00e0 l\u2019\u0153uvre dans le secteur de la justice o\u00f9 l\u2019on voit s\u2019imposer<br>des \u00ab mod\u00e8les voyageurs \u00bb, approches standardis\u00e9es de justice, dans de nombreux contextes et, en particulier africains, auxquels ils ne sont pas adapt\u00e9s.<\/p>\n\n\n\n<p>RCN J&amp;D n\u2019a pas de vision pr\u00e9con\u00e7ue des formes que doivent prendre les m\u00e9canismes de r\u00e9solution de conflits et de traitement des violences dans les soci\u00e9t\u00e9s. Il existe une <strong>pluralit\u00e9 de modes de justice<\/strong> qui constitue une richesse incontestable dont les acteurs\u00b7ices de r\u00e9solution de conflits peuvent se saisir pour questionner leurs propres pratiques et l\u2019organisation de la Justice.<\/p>\n\n\n\n<p>Le r\u00f4le de la justice coutumi\u00e8re et des modes alternatifs de r\u00e9solution de conflit (Customary and informal justice) est reconnu au niveau international pour sa capacit\u00e9 \u00e0 r\u00e9pondre au gap mondial de justice. Il est ainsi pris en compte dans la nouvelle d\u00e9finition de l\u2019Etat de droit du Secr\u00e9taire g\u00e9n\u00e9ral des Nations Unies adopt\u00e9e en 2021. Une alliance  internationale regroupant plus de 60 organisations du secteur de la justice, plaidant pour un appui \u00e0 ces modes de justice, a \u00e9tabli un certain nombre de recommandations soutenues par RCN J&amp;D. Ces m\u00e9canismes constituent une opportunit\u00e9 pour <strong>mieux r\u00e9pondre aux besoins locaux de justice<\/strong>, les \u00e9tudes empiriques confirmant que la majorit\u00e9 des personnes r\u00e9solvent leurs probl\u00e8mes de justice et revendiquent leurs droits en dehors des syst\u00e8mes judiciaires et se tournent massivement vers ces syst\u00e8mes alternatifs. Bien que ces modes de justice ne soient pas sans risques, notamment pour les droits des femmes et des filles, <strong>ces syst\u00e8mes sont divers et en constante \u00e9volution<\/strong>, ce qui n\u00e9cessite une approche plus nuanc\u00e9e des risques. Un \u00e9ventail d&#8217;engagements est possible, allant de l\u2019approfondissement de la compr\u00e9hension empirique de ces m\u00e9canismes de justice, \u00e0 la promotion de la coh\u00e9rence et de la compl\u00e9mentarit\u00e9 au sein des \u00e9cosyst\u00e8mes de justice, jusqu\u2019\u00e0 l\u2019engagement direct avec les syst\u00e8mes de justice coutumi\u00e8re et autres modes alternatifs.<\/p>\n\n\n\n<p>Le changement vis\u00e9 par RCN J&amp;D dans les programmes ciblant ces modes de justice est l\u2019\u00e9tablissement ou le renforcement de syst\u00e8mes de justice plurielle (1) respectueux de l\u2019Etat de droit fond\u00e9 sur les droits humains (en particulier \u00e0 l\u2019\u00e9gard des femmes et des groupes vuln\u00e9rables), mais \u00e9galement respectueux du pluralisme juridique et des h\u00e9ritages juridiques propres \u00e0 chaque contexte; (2) accessibles et efficaces ; (3) reconnus et soutenus par les \u00c9tats.<\/p>\n\n\n\n<div class=\"wp-block-image\"><figure class=\"aligncenter size-large\"><img loading=\"lazy\" decoding=\"async\" width=\"1024\" height=\"755\" src=\"https:\/\/rcn-ong.be\/wp-content\/uploads\/2025\/04\/MARC-1024x755.png\" alt=\"\" class=\"wp-image-11543\" srcset=\"https:\/\/rcn-ong.be\/wp-content\/uploads\/2025\/04\/MARC-1024x755.png 1024w, https:\/\/rcn-ong.be\/wp-content\/uploads\/2025\/04\/MARC-300x221.png 300w, https:\/\/rcn-ong.be\/wp-content\/uploads\/2025\/04\/MARC-768x566.png 768w, https:\/\/rcn-ong.be\/wp-content\/uploads\/2025\/04\/MARC-1536x1132.png 1536w, https:\/\/rcn-ong.be\/wp-content\/uploads\/2025\/04\/MARC-100x74.png 100w, https:\/\/rcn-ong.be\/wp-content\/uploads\/2025\/04\/MARC-150x111.png 150w, https:\/\/rcn-ong.be\/wp-content\/uploads\/2025\/04\/MARC-200x147.png 200w, https:\/\/rcn-ong.be\/wp-content\/uploads\/2025\/04\/MARC-450x332.png 450w, https:\/\/rcn-ong.be\/wp-content\/uploads\/2025\/04\/MARC-600x442.png 600w, https:\/\/rcn-ong.be\/wp-content\/uploads\/2025\/04\/MARC-900x664.png 900w, https:\/\/rcn-ong.be\/wp-content\/uploads\/2025\/04\/MARC.png 1751w\" sizes=\"auto, (max-width: 1024px) 100vw, 1024px\" \/><\/figure><\/div>\n","protected":false},"excerpt":{"rendered":"<p><span style=\"color: #808080;\"><em>Derni\u00e8re mise \u00e0 jour Avril 2025<\/em><\/span><\/p>\n<p>Pour RCN Justice &amp; D\u00e9mocratie, il est plus que jamais n\u00e9cessaire d\u2019adopter une posture d\u00e9coloniale afin de remettre en question les rapports de domination \u00e0 l\u2019\u0153uvre dans le secteur de la justice o\u00f9 l\u2019on voit s\u2019imposer<br \/>des \u00ab mod\u00e8les voyageurs \u00bb,<\/p>\n<p><span class=\"ellipsis\">&hellip;<\/span><\/p>\n<div class=\"read-more\"><a href=\"https:\/\/rcn-ong.be\/nl\/justice-coutumiere\/\">Lees meer &#8250;<\/a><\/div>\n<p><!-- end of .read-more --><\/p>\n","protected":false},"author":20,"featured_media":0,"parent":0,"menu_order":0,"comment_status":"closed","ping_status":"closed","template":"","meta":{"footnotes":""},"class_list":["post-8210","page","type-page","status-publish","hentry"],"_links":{"self":[{"href":"https:\/\/rcn-ong.be\/nl\/wp-json\/wp\/v2\/pages\/8210","targetHints":{"allow":["GET"]}}],"collection":[{"href":"https:\/\/rcn-ong.be\/nl\/wp-json\/wp\/v2\/pages"}],"about":[{"href":"https:\/\/rcn-ong.be\/nl\/wp-json\/wp\/v2\/types\/page"}],"author":[{"embeddable":true,"href":"https:\/\/rcn-ong.be\/nl\/wp-json\/wp\/v2\/users\/20"}],"replies":[{"embeddable":true,"href":"https:\/\/rcn-ong.be\/nl\/wp-json\/wp\/v2\/comments?post=8210"}],"version-history":[{"count":30,"href":"https:\/\/rcn-ong.be\/nl\/wp-json\/wp\/v2\/pages\/8210\/revisions"}],"predecessor-version":[{"id":11641,"href":"https:\/\/rcn-ong.be\/nl\/wp-json\/wp\/v2\/pages\/8210\/revisions\/11641"}],"wp:attachment":[{"href":"https:\/\/rcn-ong.be\/nl\/wp-json\/wp\/v2\/media?parent=8210"}],"curies":[{"name":"wp","href":"https:\/\/api.w.org\/{rel}","templated":true}]}}