{"id":8238,"date":"2022-09-19T14:03:52","date_gmt":"2022-09-19T12:03:52","guid":{"rendered":"https:\/\/rcn-ong.be\/?page_id=8238"},"modified":"2025-04-17T16:03:10","modified_gmt":"2025-04-17T14:03:10","slug":"la-justice-transitionnelle","status":"publish","type":"page","link":"https:\/\/rcn-ong.be\/nl\/la-justice-transitionnelle\/","title":{"rendered":"Justices transitionnelles"},"content":{"rendered":"<p><span style=\"color: #808080;\"><em>Derni\u00e8re mise \u00e0 jour Avril 2025<\/em><\/span><\/p>\n\n\n<p>Les justices transitionnelles s\u2019int\u00e9ressent \u00e0 la mani\u00e8re dont une soci\u00e9t\u00e9 se choisit le chemin qui doit la mener \u00e0 la paix, apr\u00e8s avoir \u00e9t\u00e9 confront\u00e9e \u00e0 des crimes de masse, une dictature ou d\u2019autres violations massives et\/ou syst\u00e9matiques des droits humains. Il s\u2019agit \u00e0 la fois d\u2019\u00e9tablir les responsabilit\u00e9s, de rendre la\u202fjustice\u202f, de r\u00e9parer les dommages caus\u00e9s aux victimes et de garantir la non-r\u00e9p\u00e9tition par des r\u00e9formes structurelles et par le travail de m\u00e9moire.\u00a0<\/p>\n\n\n\n<p>Pour RCN J&amp;D, <strong>les justices transitionnelles sont n\u00e9cessairement polymorphes<\/strong>. Elle ne se limite pas \u00e0 la stricte mise en place de m\u00e9canismes formels de justice, elle doit aussi pouvoir questionner le sens de la justice et de la v\u00e9rit\u00e9, embrasser les pratiques des tribunaux comme les initiatives informelles de r\u00e9conciliation, ainsi que des pratiques innovantesbas\u00e9es sur l&#8217;expression artistique.<\/p>\n\n\n\n<p>Les programmes de RCN J&amp;D en justices transitionnelles se concentreront sur le travail de r\u00e9conciliation et de pr\u00e9vention des violences de masse futures, la documentation des violences de masse pass\u00e9es, ainsi que le soutien aux d\u00e9marches m\u00e9morielles et artistiques dans une optique de<br>promotion de la citoyennet\u00e9 active et de la coh\u00e9sion sociale.<\/p>\n\n\n\n<p>30 ans apr\u00e8s le g\u00e9nocide des Tutsi, sur base de la comp\u00e9tence universelle, des proc\u00e8s se d\u00e9roulent encore au niveau international et dans des pays tiers, principalement en France et en Belgique. Avec l\u2019appui de RCN J&amp;D et de ses partenaires rwandais, un important travail de <strong>sensibilisation et d\u2019information sur ces proc\u00e8s en comp\u00e9tence universelle <\/strong>continue d\u2019\u00eatre men\u00e9, il contribue au droit \u00e0 la v\u00e9rit\u00e9 et \u00e0 la justice.&nbsp;<\/p>\n\n\n\n<p>Soucieux de renforcer le professionnalisme des acteur\u00b7rices de terrain et de rompre avec une approche standardis\u00e9e de la justice transitionnelle, RCN J&amp;D s\u2019est par ailleurs associ\u00e9, en Belgique, \u00e0 l\u2019Universit\u00e9 Libre de Bruxelles et \u00e0 l\u2019Universit\u00e9 Catholique de Louvain pour cr\u00e9er et d\u00e9velopper un <a rel=\"noreferrer noopener\" href=\"https:\/\/rcn-ong.be\/rcn-justice-democratie-partenaire-du-certificat-interdisciplinaire-en-justices-transitionnelles\/\" target=\"_blank\"><strong>Certificat Interuniversitaire et Interdisciplinaire en justices transitionnelles<\/strong><\/a>.<\/p>\n\n\n\n<figure class=\"wp-block-gallery columns-1 is-cropped wp-block-gallery-1 is-layout-flex wp-block-gallery-is-layout-flex\"><ul class=\"blocks-gallery-grid\"><li class=\"blocks-gallery-item\"><figure><img loading=\"lazy\" decoding=\"async\" width=\"1024\" height=\"675\" src=\"https:\/\/rcn-ong.be\/wp-content\/uploads\/2025\/04\/JT-e1743603246682-1024x675.png\" alt=\"\" data-id=\"11524\" data-full-url=\"https:\/\/rcn-ong.be\/wp-content\/uploads\/2025\/04\/JT-e1743603246682.png\" data-link=\"https:\/\/rcn-ong.be\/la-justice-transitionnelle\/jt\/\" class=\"wp-image-11524\" srcset=\"https:\/\/rcn-ong.be\/wp-content\/uploads\/2025\/04\/JT-e1743603246682-1024x675.png 1024w, https:\/\/rcn-ong.be\/wp-content\/uploads\/2025\/04\/JT-e1743603246682-300x198.png 300w, https:\/\/rcn-ong.be\/wp-content\/uploads\/2025\/04\/JT-e1743603246682-768x506.png 768w, https:\/\/rcn-ong.be\/wp-content\/uploads\/2025\/04\/JT-e1743603246682-1536x1013.png 1536w, https:\/\/rcn-ong.be\/wp-content\/uploads\/2025\/04\/JT-e1743603246682-100x66.png 100w, https:\/\/rcn-ong.be\/wp-content\/uploads\/2025\/04\/JT-e1743603246682-150x99.png 150w, https:\/\/rcn-ong.be\/wp-content\/uploads\/2025\/04\/JT-e1743603246682-200x132.png 200w, https:\/\/rcn-ong.be\/wp-content\/uploads\/2025\/04\/JT-e1743603246682-450x297.png 450w, https:\/\/rcn-ong.be\/wp-content\/uploads\/2025\/04\/JT-e1743603246682-600x396.png 600w, https:\/\/rcn-ong.be\/wp-content\/uploads\/2025\/04\/JT-e1743603246682-900x594.png 900w, https:\/\/rcn-ong.be\/wp-content\/uploads\/2025\/04\/JT-e1743603246682.png 2000w\" sizes=\"auto, (max-width: 1024px) 100vw, 1024px\" \/><\/figure><\/li><\/ul><\/figure>\n","protected":false},"excerpt":{"rendered":"<p><span style=\"color: #808080;\"><em>Derni\u00e8re mise \u00e0 jour Avril 2025<\/em><\/span><\/p>\n<p>Les justices transitionnelles s\u2019int\u00e9ressent \u00e0 la mani\u00e8re dont une soci\u00e9t\u00e9 se choisit le chemin qui doit la mener \u00e0 la paix, apr\u00e8s avoir \u00e9t\u00e9 confront\u00e9e \u00e0 des crimes de masse,<\/p>\n<p><span class=\"ellipsis\">&hellip;<\/span><\/p>\n<div class=\"read-more\"><a href=\"https:\/\/rcn-ong.be\/nl\/la-justice-transitionnelle\/\">Lees meer &#8250;<\/a><\/div>\n<p><!-- end of .read-more --><\/p>\n","protected":false},"author":20,"featured_media":0,"parent":0,"menu_order":0,"comment_status":"closed","ping_status":"closed","template":"","meta":{"footnotes":""},"class_list":["post-8238","page","type-page","status-publish","hentry"],"_links":{"self":[{"href":"https:\/\/rcn-ong.be\/nl\/wp-json\/wp\/v2\/pages\/8238","targetHints":{"allow":["GET"]}}],"collection":[{"href":"https:\/\/rcn-ong.be\/nl\/wp-json\/wp\/v2\/pages"}],"about":[{"href":"https:\/\/rcn-ong.be\/nl\/wp-json\/wp\/v2\/types\/page"}],"author":[{"embeddable":true,"href":"https:\/\/rcn-ong.be\/nl\/wp-json\/wp\/v2\/users\/20"}],"replies":[{"embeddable":true,"href":"https:\/\/rcn-ong.be\/nl\/wp-json\/wp\/v2\/comments?post=8238"}],"version-history":[{"count":19,"href":"https:\/\/rcn-ong.be\/nl\/wp-json\/wp\/v2\/pages\/8238\/revisions"}],"predecessor-version":[{"id":11644,"href":"https:\/\/rcn-ong.be\/nl\/wp-json\/wp\/v2\/pages\/8238\/revisions\/11644"}],"wp:attachment":[{"href":"https:\/\/rcn-ong.be\/nl\/wp-json\/wp\/v2\/media?parent=8238"}],"curies":[{"name":"wp","href":"https:\/\/api.w.org\/{rel}","templated":true}]}}