{"id":8247,"date":"2022-09-19T13:10:18","date_gmt":"2022-09-19T11:10:18","guid":{"rendered":"https:\/\/rcn-ong.be\/?page_id=8247"},"modified":"2025-06-20T10:08:32","modified_gmt":"2025-06-20T08:08:32","slug":"rcn-justice-democratie-partenaire-du-certificat-interdisciplinaire-en-justices-transitionnelles","status":"publish","type":"page","link":"https:\/\/rcn-ong.be\/nl\/rcn-justice-democratie-partenaire-du-certificat-interdisciplinaire-en-justices-transitionnelles\/","title":{"rendered":"RCN Justice &amp; D\u00e9mocratie, partenaire du Certificat interdisciplinaire en justices transitionnelles"},"content":{"rendered":"\n<figure class=\"wp-block-image alignfull size-large is-style-default\"><img loading=\"lazy\" decoding=\"async\" width=\"1024\" height=\"576\" src=\"https:\/\/rcn-ong.be\/wp-content\/uploads\/2024\/07\/CERTIFICAT-1024x576.png\" alt=\"\" class=\"wp-image-10673\" srcset=\"https:\/\/rcn-ong.be\/wp-content\/uploads\/2024\/07\/CERTIFICAT-1024x576.png 1024w, https:\/\/rcn-ong.be\/wp-content\/uploads\/2024\/07\/CERTIFICAT-300x169.png 300w, https:\/\/rcn-ong.be\/wp-content\/uploads\/2024\/07\/CERTIFICAT-768x432.png 768w, https:\/\/rcn-ong.be\/wp-content\/uploads\/2024\/07\/CERTIFICAT-1536x864.png 1536w, https:\/\/rcn-ong.be\/wp-content\/uploads\/2024\/07\/CERTIFICAT-100x56.png 100w, https:\/\/rcn-ong.be\/wp-content\/uploads\/2024\/07\/CERTIFICAT-150x84.png 150w, https:\/\/rcn-ong.be\/wp-content\/uploads\/2024\/07\/CERTIFICAT-200x113.png 200w, https:\/\/rcn-ong.be\/wp-content\/uploads\/2024\/07\/CERTIFICAT-450x253.png 450w, https:\/\/rcn-ong.be\/wp-content\/uploads\/2024\/07\/CERTIFICAT-600x338.png 600w, https:\/\/rcn-ong.be\/wp-content\/uploads\/2024\/07\/CERTIFICAT-900x506.png 900w, https:\/\/rcn-ong.be\/wp-content\/uploads\/2024\/07\/CERTIFICAT.png 1920w\" sizes=\"auto, (max-width: 1024px) 100vw, 1024px\" \/><\/figure>\n\n\n\n<p>RCN Justice et D\u00e9mocratie, en partenariat avec l&#8217;<a rel=\"noreferrer noopener\" href=\"https:\/\/uclouvain.be\/fr\/index.html\" target=\"_blank\">Universit\u00e9 catholique de Louvain<\/a> et l\u2019<a rel=\"noreferrer noopener\" href=\"https:\/\/www.ulb.be\/\" target=\"_blank\">Universit\u00e9 Libre de Bruxelles<\/a>, ont le plaisir de vous pr\u00e9senter la nouvelle \u00e9dition du Certificat en justices transitionnelles. <\/p>\n\n\n\n<p><strong>Le programme d\u00e9bute le 6 janvier 2026, en ligne, avec 3 semaines de cours en pr\u00e9sentiel \u00e0 Bruxelles du 18 mai au 11 juin 2026.<\/strong><\/p>\n\n\n\n<p><em>La participation au certificat est compatible avec une activit\u00e9 professionnelle. <\/em><\/p>\n\n\n\n<div class=\"wp-block-file\"><a href=\"https:\/\/rcn-ong.be\/wp-content\/uploads\/2025\/06\/Brochure-JUTRA26.pdf\" target=\"_blank\" rel=\"noreferrer noopener\">&#x27a1;&#xfe0f; <strong>Retrouvez toutes les informations sur la formation ici ! <\/strong><\/a><\/div>\n\n\n\n<h2 class=\"wp-block-heading\">Les objectifs de la formation<\/h2>\n\n\n\n<ul class=\"wp-block-list\"><li>Donner aux actrices et acteurs de terrain et \u00e0 celles et ceux qui veulent appr\u00e9hender les fondamentaux des justices transitionnelles une formation interuniversitaire et interdisciplinaire, en fran\u00e7ais.<\/li><li>Cr\u00e9er un espace de r\u00e9flexion interdisciplinaire et de dialogue sur la notion de justices transitionnelles incluant universitaires et acteurs de terrain.<\/li><\/ul>\n\n\n\n<h2 class=\"wp-block-heading\">Les atouts de la formation<\/h2>\n\n\n\n<ul class=\"wp-block-list\"><li>Une alternance entre des cours th\u00e9oriques et des s\u00e9minaires au cours desquels des contextes particuliers seront \u00e9tudi\u00e9s en mobilisant des professeurs et acteurs de terrain.<\/li><li>La r\u00e9daction interactive d\u2019un m\u00e9moire.<\/li><li>Des partenariats entre universit\u00e9s et acteurs de terrain.&nbsp;Le programme&nbsp;rassemble des chercheuses et chercheurs, enseignantes et enseignants du monde entier et des membres d\u2019institutions internationales et d\u2019O.N.G. ainsi que des actrices et des acteurs de terrain qui, dans leur domaine, ont une expertise reconnue en justices transitionnelles.<\/li><li>L\u2019int\u00e9gration de la dimension artistique et culturelle.&nbsp;L&#8217;int\u00e9gration de la question genre et des d\u00e9colonialit\u00e9s.<\/li><li>Les intervenantes et intervenants&nbsp;aux parcours vari\u00e9s viennent de disciplines diverses telles que le droit, la criminologie, l\u2019anthropologie, la philosophie, l\u2019histoire, le cin\u00e9ma, la litt\u00e9rature, etc. Les participantes et les participants pourront articuler ces diverses approches entre elles et avec leurs pratiques lors des s\u00e9minaires et de la r\u00e9daction du m\u00e9moire.<\/li><li>Une formation accessible \u00e0 des participant\u00b7es ayant d\u00e9j\u00e0 une activit\u00e9 professionnelle ou qui poursuivent un autre enseignement. 75 % des cours et de l\u2019accompagnement en ligne et 25 % en pr\u00e9sentiel (mai-juin 2025).<\/li><li>Un suivi personnalis\u00e9 et adapt\u00e9 \u00e0 chacune et chacun des 35 participant\u00b7es pendant tout le programme de cours.<\/li><\/ul>\n\n\n\n<h2 class=\"wp-block-heading\">Profil des participantes et des participants<\/h2>\n\n\n\n<p>Vous avez finalis\u00e9 un dipl\u00f4me universitaire (art, coop\u00e9ration internationale, droit, histoire, anthropologie&#8230;). Vous \u00eates activistes, artiste et\/ou impliqu\u00e9\u00b7e dans un secteur professionnel en lien avec les justices transitionnelles.<\/p>\n\n\n\n<p>Le programme est ouvert, non seulement \u00e0 celles et ceux qui travaillent d\u00e9j\u00e0 dans ce secteur, mais aussi \u00e0 toutes celles et tous ceux qui souhaitent comprendre les enjeux du processus de transition d\u00e9mocratique ou transmettent \u00e0 ce propos, ou s\u2019int\u00e9ressent aux formes alternatives de mode de r\u00e9gulation des conflits, y compris dans le monde des ONG et du travail social.<\/p>\n\n\n\n<h2 class=\"wp-block-heading\">Le programme de la formation<\/h2>\n\n\n\n<p>Huit unit\u00e9s d\u2019enseignement :<\/p>\n\n\n\n<ul class=\"wp-block-list\"><li>Pr\u00e9sentation des disciplines et concepts (6)<\/li><li>Analyses transversales (1)<\/li><li>Accompagnement du TFE (1)<\/li><\/ul>\n\n\n\n<p>Les 7 premi\u00e8res unit\u00e9s ont une structure identique : diff\u00e9rents types de ressources sont mis en ligne (films, articles, cours enregistr\u00e9s, etc..) et des rencontres hebdomadaires en ligne ont lieu les mardis de 18 \u00e0 20 heures. L\u2019image est le m\u00e9dia privil\u00e9gi\u00e9. Des s\u00e9ances de travaux de groupe sont organis\u00e9es \u00e0 deux reprises durant les cours \u00e0 distance qui ont lieu de janvier \u00e0 avril. Le programme des 3 semaines de cours en pr\u00e9sentiel qui ont lieu du 18 mai au 11 juin 2025 \u00e0 Bruxelles <a href=\"https:\/\/rcn-ong.be\/wp-content\/uploads\/2025\/05\/Programme-presentiel-JUTRA26.pdf\" target=\"_blank\" rel=\"noreferrer noopener\">ici<\/a>. L\u2019unit\u00e9 8 est consacr\u00e9e \u00e0 l\u2019accompagnement du travail de fin de cycle.<\/p>\n\n\n\n<h2 class=\"wp-block-heading\"><strong>Le programme de bourses RCN Justice &amp; D\u00e9mocratie<\/strong><\/h2>\n\n\n\n<p>Dans le cadre de son programme Belgique, RCN Justice &amp; D\u00e9mocratie met \u00e0 disposition un nombre limit\u00e9 de bourses pour le Certificat interdisciplinaire et interuniversitaire en justices transitionnelles, afin de sensibiliser, former et outiller les acteur\u00b7rices de la justice en Belgique.<\/p>\n\n\n\n<p>La bourse RCN J&amp;D vous exempte du paiement des frais d&#8217;inscription \u00e0 l&#8217;exception de 250\u20ac qui restent \u00e0 votre charge. Vous n&#8217;\u00eates pas tenu\u00b7e de verser cette somme au moment de votre candidature, le virement devra \u00eatre fait seulement apr\u00e8s l&#8217;obtention d&#8217;une r\u00e9ponse positive. La bourse ne couvre pas les frais relatifs au s\u00e9jour \u00e0 Bruxelles pour la p\u00e9riode de cours en pr\u00e9sentiel obligatoire.<\/p>\n\n\n\n<p><strong>Crit\u00e8res de recevabilit\u00e9<\/strong><\/p>\n\n\n\n<p>Pour que la demande soit recevable, la\/le candidat\u00b7e doit :<\/p>\n\n\n\n<ul class=\"wp-block-list\"><li>R\u00e9sider en Belgique<\/li><li>\u00catre d\u00e9tenteur\u00b7rice d&#8217;un dipl\u00f4me d&#8217;enseignement sup\u00e9rieur (bachelier\/licence)<\/li><li>Rendre un dossier complet avant la date de cl\u00f4ture des candidatures.<\/li><\/ul>\n\n\n\n<p>Retrouvez la liste des documents (CV, LM&#8230;) \u00e0 fournir pour un dossier complet, <a href=\"https:\/\/rcn-ong.be\/wp-content\/uploads\/2025\/06\/Criteres-bourse-RCN-JD-2026.pdf\" target=\"_blank\" rel=\"noreferrer noopener\">en cliquant ici.<\/a><\/p>\n\n\n\n<p><strong>Modalit\u00e9s de candidature<\/strong><\/p>\n\n\n\n<p>Les dossiers de candidature sont \u00e0 envoy\u00e9s par mail \u00e0 <a rel=\"noreferrer noopener\" href=\"mailto:pedagogie@rcn-ong.be\" target=\"_blank\">inscriptions.certificat.jts@gmail.com<\/a> jusqu&#8217;au <strong>3 ao\u00fbt 2025<\/strong> au plus tard, avec en objet <strong>&#8220;Candidature bourse RCN J&amp;D &#8211; Certificat JT&#8221;<\/strong>. Vous obtiendrez une r\u00e9ponse dans le courant du mois de septembre. <\/p>\n","protected":false},"excerpt":{"rendered":"<p><img loading=\"lazy\" decoding=\"async\" width=\"1024\" height=\"576\" src=\"https:\/\/rcn-ong.be\/wp-content\/uploads\/2024\/07\/CERTIFICAT-1024x576.png\" alt=\"\" class=\"wp-image-10673\" srcset=\"https:\/\/rcn-ong.be\/wp-content\/uploads\/2024\/07\/CERTIFICAT-1024x576.png 1024w, https:\/\/rcn-ong.be\/wp-content\/uploads\/2024\/07\/CERTIFICAT-300x169.png 300w, https:\/\/rcn-ong.be\/wp-content\/uploads\/2024\/07\/CERTIFICAT-768x432.png 768w, https:\/\/rcn-ong.be\/wp-content\/uploads\/2024\/07\/CERTIFICAT-1536x864.png 1536w, https:\/\/rcn-ong.be\/wp-content\/uploads\/2024\/07\/CERTIFICAT-100x56.png 100w, https:\/\/rcn-ong.be\/wp-content\/uploads\/2024\/07\/CERTIFICAT-150x84.png 150w, https:\/\/rcn-ong.be\/wp-content\/uploads\/2024\/07\/CERTIFICAT-200x113.png 200w, https:\/\/rcn-ong.be\/wp-content\/uploads\/2024\/07\/CERTIFICAT-450x253.png 450w, https:\/\/rcn-ong.be\/wp-content\/uploads\/2024\/07\/CERTIFICAT-600x338.png 600w, https:\/\/rcn-ong.be\/wp-content\/uploads\/2024\/07\/CERTIFICAT-900x506.png 900w, https:\/\/rcn-ong.be\/wp-content\/uploads\/2024\/07\/CERTIFICAT.png 1920w\" sizes=\"auto, (max-width: 1024px) 100vw, 1024px\" \/><\/p>\n<p>RCN Justice et D\u00e9mocratie, en partenariat avec l&#8217;<a rel=\"noreferrer noopener\" href=\"https:\/\/uclouvain.be\/fr\/index.html\" target=\"_blank\">Universit\u00e9 catholique de Louvain<\/a> et l\u2019<a rel=\"noreferrer noopener\" href=\"https:\/\/www.ulb.be\/\" target=\"_blank\">Universit\u00e9 Libre de Bruxelles<\/a>, ont le plaisir de vous pr\u00e9senter la nouvelle \u00e9dition du Certificat en justices transitionnelles. <\/p>\n<p><strong>Le programme d\u00e9bute le 6 janvier 2026,<\/strong><\/p>\n<p><span class=\"ellipsis\">&hellip;<\/span><\/p>\n<div class=\"read-more\"><a href=\"https:\/\/rcn-ong.be\/nl\/rcn-justice-democratie-partenaire-du-certificat-interdisciplinaire-en-justices-transitionnelles\/\">Lees meer &#8250;<\/a><\/div>\n<p><!-- end of .read-more --><\/p>\n","protected":false},"author":20,"featured_media":0,"parent":0,"menu_order":0,"comment_status":"closed","ping_status":"closed","template":"","meta":{"footnotes":""},"class_list":["post-8247","page","type-page","status-publish","hentry"],"_links":{"self":[{"href":"https:\/\/rcn-ong.be\/nl\/wp-json\/wp\/v2\/pages\/8247","targetHints":{"allow":["GET"]}}],"collection":[{"href":"https:\/\/rcn-ong.be\/nl\/wp-json\/wp\/v2\/pages"}],"about":[{"href":"https:\/\/rcn-ong.be\/nl\/wp-json\/wp\/v2\/types\/page"}],"author":[{"embeddable":true,"href":"https:\/\/rcn-ong.be\/nl\/wp-json\/wp\/v2\/users\/20"}],"replies":[{"embeddable":true,"href":"https:\/\/rcn-ong.be\/nl\/wp-json\/wp\/v2\/comments?post=8247"}],"version-history":[{"count":45,"href":"https:\/\/rcn-ong.be\/nl\/wp-json\/wp\/v2\/pages\/8247\/revisions"}],"predecessor-version":[{"id":11979,"href":"https:\/\/rcn-ong.be\/nl\/wp-json\/wp\/v2\/pages\/8247\/revisions\/11979"}],"wp:attachment":[{"href":"https:\/\/rcn-ong.be\/nl\/wp-json\/wp\/v2\/media?parent=8247"}],"curies":[{"name":"wp","href":"https:\/\/api.w.org\/{rel}","templated":true}]}}