{"id":9642,"date":"2023-09-05T15:01:55","date_gmt":"2023-09-05T13:01:55","guid":{"rendered":"https:\/\/rcn-ong.be\/?page_id=9642"},"modified":"2024-09-05T17:06:41","modified_gmt":"2024-09-05T15:06:41","slug":"planning-previsionnel-2024-formations-pour-les-enseignant-e-s","status":"publish","type":"page","link":"https:\/\/rcn-ong.be\/nl\/que-faisons-nous\/nos-outils-pedagogiques\/nos-formations\/planning-previsionnel-2024-formations-pour-les-enseignant-e-s\/","title":{"rendered":"Formations pour les enseignant\u00b7es"},"content":{"rendered":"\n<p><strong>14 f\u00e9vrier 2024 &#8211; <\/strong>Formation RCN J&amp;D organis\u00e9e par Mundaneum : <strong>Exclusion et discriminations, comment r\u00e9agir\u202f?\u202f<\/strong><\/p>\n\n\n\n<figure class=\"wp-block-image is-resized is-style-default\"><img loading=\"lazy\" decoding=\"async\" src=\"https:\/\/static.wixstatic.com\/media\/139fdc_4198171e01f64006bb4898730998c5e1~mv2.jpg\/v1\/fill\/w_225,h_177,al_c,q_80,usm_0.66_1.00_0.01,enc_auto\/MUNDANEUM_logo_black.jpg\" alt=\"MUNDANEUM_logo_black.jpg\" width=\"155\" height=\"122\"\/><\/figure>\n\n\n\n<p>Venez d\u00e9couvrir nos modules 1 \u00ab&nbsp;<a rel=\"noreferrer noopener\" target=\"_blank\" href=\"https:\/\/rcn-ong.be\/que-faisons-nous\/nos-outils-pedagogiques\/decolle-tes-etiquettes\/\"><u>D\u00e9colle tes \u00e9tiquettes<\/u><\/a>&nbsp;\u00bb &amp; 2 \u00ab <a rel=\"noreferrer noopener\" target=\"_blank\" href=\"https:\/\/rcn-ong.be\/que-faisons-nous\/nos-outils-pedagogiques\/module-2-je-suis-sans-te-suivre\/\"><u>Je suis, sans te suivre !<\/u><\/a> \u00bb\u202fdans lesquels sont abord\u00e9s les m\u00e9canismes qui m\u00e8nent \u00e0 l\u2019extr\u00e9misme, \u00e0 l\u2019exclusion et \u00e0 la violence.<\/p>\n\n\n\n<p><strong>Programme de l\u2019apr\u00e8s-midi :<\/strong><\/p>\n\n\n\n<p>Apr\u00e8s une courte visite au Mundaneum de l&#8217;exposition temporaire&nbsp;<em>#FakeImages. D\u00e9masquez les dangers des st\u00e9r\u00e9otypes<\/em> (une exposition\u202fitin\u00e9rante de Kazerne Dossin \u00e0 Malines), la formation aborde dans le module 1, les st\u00e9r\u00e9otypes, pr\u00e9jug\u00e9s et la discrimination et questionne dans le module 2, les m\u00e9canismes de groupe (effet t\u00e9moin, pression de groupe, conformisme \u00e0 l\u2019autorit\u00e9) menant aux violences de masse. Les \u00e9changes se poursuivent sur la mani\u00e8re d\u2019y r\u00e9sister, en lien avec des crimes de masse internationaux.<\/p>\n\n\n\n<p>Comment en parler en classe\u202fou avec un groupe de jeunes ? Comment aborder ces sujets sensibles d\u2019une mani\u00e8re interactive pour ouvrir \u00e0 la discussion et \u00e0 l\u2019esprit critique de vos \u00e9l\u00e8ves \u202f? C\u2019est cela que vous allez apprendre pendant cette formation\u202f!<\/p>\n\n\n\n<p><strong>Pour qui ?<\/strong>&nbsp;Enseignant\u00b7e\u00b7s, les agents \u00e9ducatifs ou toute personne ayant \u00e0 charge des groupes de jeunes (16-18 ans ou plus)<\/p>\n\n\n\n<p><strong>O\u00f9 ?<\/strong>&nbsp;Rue de Nimy 76, 7000 Mons<\/p>\n\n\n\n<p><strong>Quand ?<\/strong>&nbsp;le mercredi 14 f\u00e9vrier 2024, de 13h30 \u00e0 16h30<\/p>\n\n\n\n<p>Au programme :<\/p>\n\n\n\n<ul class=\"wp-block-list\"><li>de 13h30 \u00e0 14h : courte visite de l\u2019exposition&nbsp;<em>#FakeImages, d\u00e9masquez les dangers des st\u00e9r\u00e9otypes<\/em><\/li><li>de 14h \u00e0 16h30 : d\u00e9couverte des modules 1&amp;2 avec&nbsp;<strong>Loredana Alen,&nbsp;<\/strong>Charg\u00e9e p\u00e9dagogique chez RCN Justice &amp; D\u00e9mocratie<\/li><\/ul>\n\n\n\n<p><strong>Inscription :&nbsp;<\/strong>Formation gratuite, max. 20 participant.e.s sur inscription via <a href=\"https:\/\/www.mundaneumshop.org\/ticketing\">https:\/\/www.mundaneumshop.org\/ticketing<\/a><\/p>\n","protected":false},"excerpt":{"rendered":"<p><strong>14 f\u00e9vrier 2024 &#8211; <\/strong>Formation RCN J&amp;D organis\u00e9e par Mundaneum : <strong>Exclusion et discriminations, comment r\u00e9agir\u202f?\u202f<\/strong><\/p>\n<p><img loading=\"lazy\" decoding=\"async\" src=\"https:\/\/static.wixstatic.com\/media\/139fdc_4198171e01f64006bb4898730998c5e1~mv2.jpg\/v1\/fill\/w_225,h_177,al_c,q_80,usm_0.66_1.00_0.01,enc_auto\/MUNDANEUM_logo_black.jpg\" alt=\"MUNDANEUM_logo_black.jpg\" width=\"155\" height=\"122\"\/><\/p>\n<p>Venez d\u00e9couvrir nos modules 1 \u00ab&nbsp;<a rel=\"noreferrer noopener\" target=\"_blank\" href=\"https:\/\/rcn-ong.be\/que-faisons-nous\/nos-outils-pedagogiques\/decolle-tes-etiquettes\/\">D\u00e9colle tes \u00e9tiquettes<\/a>&nbsp;\u00bb &amp; 2 \u00ab <a rel=\"noreferrer noopener\" target=\"_blank\" href=\"https:\/\/rcn-ong.be\/que-faisons-nous\/nos-outils-pedagogiques\/module-2-je-suis-sans-te-suivre\/\">Je suis,<\/a><\/p>\n<p><span class=\"ellipsis\">&hellip;<\/span><\/p>\n<div class=\"read-more\"><a href=\"https:\/\/rcn-ong.be\/nl\/que-faisons-nous\/nos-outils-pedagogiques\/nos-formations\/planning-previsionnel-2024-formations-pour-les-enseignant-e-s\/\">Lees meer &#8250;<\/a><\/div>\n<p><!-- end of .read-more --><\/p>\n","protected":false},"author":3,"featured_media":0,"parent":4265,"menu_order":0,"comment_status":"closed","ping_status":"closed","template":"","meta":{"footnotes":""},"class_list":["post-9642","page","type-page","status-publish","hentry"],"_links":{"self":[{"href":"https:\/\/rcn-ong.be\/nl\/wp-json\/wp\/v2\/pages\/9642","targetHints":{"allow":["GET"]}}],"collection":[{"href":"https:\/\/rcn-ong.be\/nl\/wp-json\/wp\/v2\/pages"}],"about":[{"href":"https:\/\/rcn-ong.be\/nl\/wp-json\/wp\/v2\/types\/page"}],"author":[{"embeddable":true,"href":"https:\/\/rcn-ong.be\/nl\/wp-json\/wp\/v2\/users\/3"}],"replies":[{"embeddable":true,"href":"https:\/\/rcn-ong.be\/nl\/wp-json\/wp\/v2\/comments?post=9642"}],"version-history":[{"count":14,"href":"https:\/\/rcn-ong.be\/nl\/wp-json\/wp\/v2\/pages\/9642\/revisions"}],"predecessor-version":[{"id":10938,"href":"https:\/\/rcn-ong.be\/nl\/wp-json\/wp\/v2\/pages\/9642\/revisions\/10938"}],"up":[{"embeddable":true,"href":"https:\/\/rcn-ong.be\/nl\/wp-json\/wp\/v2\/pages\/4265"}],"wp:attachment":[{"href":"https:\/\/rcn-ong.be\/nl\/wp-json\/wp\/v2\/media?parent=9642"}],"curies":[{"name":"wp","href":"https:\/\/api.w.org\/{rel}","templated":true}]}}