{"id":9743,"date":"2023-10-05T15:05:11","date_gmt":"2023-10-05T13:05:11","guid":{"rendered":"https:\/\/rcn-ong.be\/?page_id=9743"},"modified":"2023-12-22T12:54:10","modified_gmt":"2023-12-22T10:54:10","slug":"devenir-animateur%c2%b7rice-volontaire","status":"publish","type":"page","link":"https:\/\/rcn-ong.be\/nl\/agir-participer\/devenir-membre\/devenir-animateur%c2%b7rice-volontaire\/","title":{"rendered":"Devenir animateur\u00b7rice volontaire"},"content":{"rendered":"\n<p><strong>Tu es int\u00e9ress\u00e9\u00b7e par les th\u00e9matiques telles que les droits humains, la justice et l\u2019injustice, ou encore la lutte contre l\u2019impunit\u00e9 et les violences de masse ? Tu souhaites accompagner les jeunes dans la construction d\u2019une citoyennet\u00e9 bas\u00e9e sur l\u2019esprit critique, la solidarit\u00e9 et la justice ? Tu es disponible pendant les heures de cours ? Tu es la personne qu\u2019il nous faut !<\/strong><\/p>\n\n\n\n<figure class=\"wp-block-image size-large is-resized\"><a href=\"https:\/\/rcn-ong.be\/wp-content\/uploads\/2023\/10\/20230922_RCN_AppelVolontaires_Brochure_FR-1.pdf\" target=\"_blank\" rel=\"noopener noreferrer\"><img loading=\"lazy\" decoding=\"async\" src=\"https:\/\/rcn-ong.be\/wp-content\/uploads\/2023\/10\/Signature_Appel-Volontaires-1-1.png\" alt=\"\" class=\"wp-image-9771\" width=\"733\" height=\"183\" srcset=\"https:\/\/rcn-ong.be\/wp-content\/uploads\/2023\/10\/Signature_Appel-Volontaires-1-1.png 1000w, https:\/\/rcn-ong.be\/wp-content\/uploads\/2023\/10\/Signature_Appel-Volontaires-1-1-300x75.png 300w, https:\/\/rcn-ong.be\/wp-content\/uploads\/2023\/10\/Signature_Appel-Volontaires-1-1-768x192.png 768w, https:\/\/rcn-ong.be\/wp-content\/uploads\/2023\/10\/Signature_Appel-Volontaires-1-1-100x25.png 100w, https:\/\/rcn-ong.be\/wp-content\/uploads\/2023\/10\/Signature_Appel-Volontaires-1-1-150x38.png 150w, https:\/\/rcn-ong.be\/wp-content\/uploads\/2023\/10\/Signature_Appel-Volontaires-1-1-200x50.png 200w, https:\/\/rcn-ong.be\/wp-content\/uploads\/2023\/10\/Signature_Appel-Volontaires-1-1-450x113.png 450w, https:\/\/rcn-ong.be\/wp-content\/uploads\/2023\/10\/Signature_Appel-Volontaires-1-1-600x150.png 600w, https:\/\/rcn-ong.be\/wp-content\/uploads\/2023\/10\/Signature_Appel-Volontaires-1-1-900x225.png 900w\" sizes=\"auto, (max-width: 733px) 100vw, 733px\" \/><\/a><\/figure>\n\n\n\n<h2 class=\"wp-block-heading\">Rejoins l&#8217;aventure RCN Justice &amp; D\u00e9mocratie !<\/h2>\n\n\n\n<p>RCN Justice &amp; D\u00e9mocratie (RCN J&amp;D) est une ONG belge cr\u00e9\u00e9e en 1994, active dans le soutien \u00e0 la justice et la pr\u00e9vention des conflits. RCN J&amp;D d\u00e9fend l\u2019id\u00e9e que la <strong>justice<\/strong> est un pilier du<strong> vivre<\/strong> <strong>ensemble<\/strong> et un levier de <strong>transformation sociale<\/strong>.<\/p>\n\n\n\n<p>RCN J&amp;D lutte pour une <strong>justice accessible \u00e0 tou\u00b7te\u00b7s<\/strong>, <strong>adapt\u00e9e aux contextes sociaux, \u00e9conomiques et culturels<\/strong> dans lesquels elle se d\u00e9ploie, en garantissant <strong>les libert\u00e9s et l\u2019\u00e9galit\u00e9<\/strong> devant la loi.<\/p>\n\n\n\n<p>RCN J&amp;D apporte une attention particuli\u00e8re au d\u00e9veloppement d\u2019une justice plus <strong>int\u00e8gre<\/strong> et <strong>respectueuse des droits humains<\/strong>. Nous menons \u00e9galement un travail sur la <strong>m\u00e9moire<\/strong> des crimes internationaux et plus largement sur la sensibilisation \u00e0 la<strong> pr\u00e9vention des conflits<\/strong>.<br>RCN J&amp;D est actuellement active dans 6 pays : <strong>Belgique, Burundi, Burkina Faso, Maroc, R\u00e9publique d\u00e9mocratique du Congo et Rwanda<\/strong>.<\/p>\n\n\n\n<h2 class=\"wp-block-heading\">Lutte contre l&#8217;oubli et sensibilisation \u00e0 la pr\u00e9vention des conflits<\/h2>\n\n\n\n<p><strong>En Belgique, nous impl\u00e9mentons le programme MEMORACT ax\u00e9 sur l\u2019\u00c9ducation \u00e0 la citoyennet\u00e9 mondiale et solidaire (ECMS) et l\u2019\u00e9ducation \u00e0 la m\u00e9moire<\/strong>, qui vise \u00e0 :<\/p>\n\n\n\n<ul class=\"wp-block-list\"><li>Enseigner les le\u00e7ons du pass\u00e9 pour pr\u00e9venir la r\u00e9p\u00e9tition de violations des droits humains&nbsp;<\/li><li>Renforcer la prise de conscience et l\u2019engagement des citoyen\u00b7nes pour la pr\u00e9vention de la violence et la promotion de la coh\u00e9sion sociale<\/li><\/ul>\n\n\n\n<h2 class=\"wp-block-heading\">\u00catre animateur\u00b7rice chez RCN J&amp;D, c&#8217;est&#8230;<\/h2>\n\n\n\n<ul class=\"wp-block-list\"><li>Participer \u00e0 la diffusion de <a href=\"https:\/\/rcn-ong.be\/que-faisons-nous\/nos-outils-pedagogiques\/\">notre offre p\u00e9dagogique<\/a>, qui est principalement destin\u00e9e aux jeunes \u00e0 partir de 16 ans, c\u2019est-\u00e0-dire aux \u00e9l\u00e8ves du 3<sup>\u00e8me<\/sup> degr\u00e9 dans les \u00e9coles secondaires \u00e0 Bruxelles et en Wallonie.&nbsp;<\/li><li>Mettre les jeunes au d\u00e9fi, de mani\u00e8re interactive, en les faisant r\u00e9fl\u00e9chir sur des questions d\u2019actualit\u00e9s&nbsp;<\/li><li>D\u00e9velopper leur esprit critique pour qu\u2019ils et elles deviennent de v\u00e9ritables citoyen\u00b7nes du monde !<\/li><\/ul>\n\n\n\n<h2 class=\"wp-block-heading\">Pourquoi t&#8217;engager comme animateur\u00b7rice volontaire ?<\/h2>\n\n\n\n<ul class=\"wp-block-list\"><li>Tu vivras une exp\u00e9rience p\u00e9dagogique et humaine&nbsp;<\/li><li>Tu apprendras beaucoup sur le concept de la justice et son fonctionnement ici et ailleurs, ainsi que&nbsp; la lutte contre l\u2019impunit\u00e9, les m\u00e9canismes li\u00e9s aux violences de masses (pr\u00e9jug\u00e9s, st\u00e9r\u00e9otypes, discriminations, pression de groupe&#8230;), les conflits actuels, etc.<\/li><li>Tu d\u00e9velopperas tes comp\u00e9tences en animation de groupes&nbsp;<\/li><li>Tu seras suivi\u00b7e et accompagn\u00e9\u00b7e par notre \u00e9quipe :&nbsp;<ul><li>Tu b\u00e9n\u00e9ficies d\u2019une formation de base p\u00e9dagogique et th\u00e9matique&nbsp;<\/li><li>Tu participes \u00e0 des moments d\u2019intervision avec les autres volontaires pour partager tes exp\u00e9riences et apprendre des autres&nbsp;<\/li><\/ul><\/li><li>Tu auras une v\u00e9ritable place dans notre belle \u00e9quipe&nbsp;<\/li><li>Tu recevras des indemnit\u00e9s de frais de transport et repas<\/li><li>Tu signeras un contrat de volontariat et seras couvert\u00b7e par une assurance pendant les moments de prestation<\/li><\/ul>\n\n\n\n<h2 class=\"wp-block-heading\">Ton profil<\/h2>\n\n\n\n<ul class=\"wp-block-list\"><li>Tu as entre 20 et 30 ans&nbsp;et tu habites en Belgique<\/li><li>Tu adh\u00e8res \u00e0 la vision de RCN Justice &amp; D\u00e9mocratie pour une soci\u00e9t\u00e9 plus juste&nbsp;<\/li><li>Tu as envie d\u2019animer des groupes de jeunes entre 16 et 20 ans (c\u2019est encore mieux si tu as d\u00e9j\u00e0 de l\u2019exp\u00e9rience !)&nbsp;<\/li><li>Tu es disponible pendant les heures de cours<\/li><li>Tu n\u2019as pas peur d&#8217;aborder des th\u00e8mes tels que les st\u00e9r\u00e9otypes, pr\u00e9jug\u00e9s, discriminations, le racisme, la justice et la lutte contre l\u2019impunit\u00e9, les violences de masses\u2026&nbsp;<\/li><li>Atout : tu fais ou as fait des \u00e9tudes en sciences humaines, comme par exemple en droit, assistant social, sciences politiques, sociologie, criminologie, anthropologie, etc.<\/li><\/ul>\n\n\n\n<h2 class=\"wp-block-heading\">Int\u00e9ress\u00e9\u00b7e ?<\/h2>\n\n\n\n<p><strong>Pour rejoindre notre \u00e9quipe de volontaires, la premi\u00e8re \u00e9tape est de participer \u00e0 une s\u00e9ance d\u2019info. Nous vous tenons au courant pour une prochaine date en 2024! <\/strong><\/p>\n\n\n\n<p>&gt;<a rel=\"noreferrer noopener\" href=\"https:\/\/docs.google.com\/forms\/d\/e\/1FAIpQLSd9weK7NgVm2wEYPniwSXKikorItrTQIM3fvPKKGFs7jKaYYg\/viewform?usp=sf_linkhttps:\/\/docs.google.com\/forms\/d\/e\/1FAIpQLSd9weK7NgVm2wEYPniwSXKikorItrTQIM3fvPKKGFs7jKaYYg\/viewform?usp=sf_link\" target=\"_blank\"> Formulaire d\u2019inscription&nbsp; <\/a><\/p>\n\n\n\n<p>Pour toute autre question, contacte-nous par e-mail via <a href=\"mailto:pedagogie@rcn-ong.be\">pedagogie@rcn-ong.be<\/a>&nbsp;<\/p>\n\n\n\n<div class=\"wp-block-file\"><a href=\"https:\/\/rcn-ong.be\/wp-content\/uploads\/2023\/10\/20230922_RCN_AppelVolontaires_Brochure_FR-1.pdf\" target=\"_blank\" rel=\"noreferrer noopener\"><span style=\"color:#ff0000\" class=\"has-inline-color\"><strong>Tu peux aussi t\u00e9l\u00e9charger la brochure<\/strong><\/span><\/a><a href=\"https:\/\/rcn-ong.be\/wp-content\/uploads\/2023\/10\/20230922_RCN_AppelVolontaires_Brochure_FR-1.pdf\" class=\"wp-block-file__button\" download>T\u00e9l\u00e9charger<\/a><\/div>\n\n\n\n<p><\/p>\n","protected":false},"excerpt":{"rendered":"<p><strong>Tu es int\u00e9ress\u00e9\u00b7e par les th\u00e9matiques telles que les droits humains, la justice et l\u2019injustice, ou encore la lutte contre l\u2019impunit\u00e9 et les violences de masse ? Tu souhaites accompagner les jeunes dans la construction d\u2019une citoyennet\u00e9 bas\u00e9e sur l\u2019esprit critique,<\/strong><\/p>\n<p><span class=\"ellipsis\">&hellip;<\/span><\/p>\n<div class=\"read-more\"><a href=\"https:\/\/rcn-ong.be\/nl\/agir-participer\/devenir-membre\/devenir-animateur%c2%b7rice-volontaire\/\">Lees meer &#8250;<\/a><\/div>\n<p><!-- end of .read-more --><\/p>\n","protected":false},"author":3,"featured_media":0,"parent":2087,"menu_order":0,"comment_status":"closed","ping_status":"closed","template":"","meta":{"footnotes":""},"class_list":["post-9743","page","type-page","status-publish","hentry"],"_links":{"self":[{"href":"https:\/\/rcn-ong.be\/nl\/wp-json\/wp\/v2\/pages\/9743","targetHints":{"allow":["GET"]}}],"collection":[{"href":"https:\/\/rcn-ong.be\/nl\/wp-json\/wp\/v2\/pages"}],"about":[{"href":"https:\/\/rcn-ong.be\/nl\/wp-json\/wp\/v2\/types\/page"}],"author":[{"embeddable":true,"href":"https:\/\/rcn-ong.be\/nl\/wp-json\/wp\/v2\/users\/3"}],"replies":[{"embeddable":true,"href":"https:\/\/rcn-ong.be\/nl\/wp-json\/wp\/v2\/comments?post=9743"}],"version-history":[{"count":19,"href":"https:\/\/rcn-ong.be\/nl\/wp-json\/wp\/v2\/pages\/9743\/revisions"}],"predecessor-version":[{"id":10080,"href":"https:\/\/rcn-ong.be\/nl\/wp-json\/wp\/v2\/pages\/9743\/revisions\/10080"}],"up":[{"embeddable":true,"href":"https:\/\/rcn-ong.be\/nl\/wp-json\/wp\/v2\/pages\/2087"}],"wp:attachment":[{"href":"https:\/\/rcn-ong.be\/nl\/wp-json\/wp\/v2\/media?parent=9743"}],"curies":[{"name":"wp","href":"https:\/\/api.w.org\/{rel}","templated":true}]}}